{"id":2,"date":"2016-05-10T03:48:21","date_gmt":"2016-05-10T03:48:21","guid":{"rendered":"http:\/\/ammerseeurlaub.com\/?page_id=2"},"modified":"2019-11-12T14:04:56","modified_gmt":"2019-11-12T14:04:56","slug":"sample-page","status":"publish","type":"page","link":"https:\/\/ammerseeurlaub.com\/","title":{"rendered":"Herzlich willkommen am sch\u00f6nen Ammersee!"},"content":{"rendered":"<p><strong>Ihre pers\u00f6nliche individuell gro\u00dfe 4 **** Ferienwohnung &#8222;Monika&#8220; <\/strong><strong>mit\u00a0 2 Schlafzimmern f\u00fcr maximal 6-7 Personen am Ammersee!<br \/>\n<\/strong><\/p>\n<p><strong>Alles schnell erreichbar &#8211; nur 250 m Luftlinie vom Ammersee entfernt!\u00a0 Viel Platz zum Wohlf\u00fchlen auf 90m\u00b2 mit 4-Sterne Komfort und garantiertem Erholungsfaktor!<\/strong><\/p>\n<p><strong>Zentral zwischen den Metropolen Augsburg und M\u00fcnchen gelegen.<\/strong><\/p>\n<p>Eching am Ammersee ist ein beliebter Ort f\u00fcr erholsame Tage und idealer Ausgangspunkt f\u00fcr eine aktive Freizeitgestaltung. Ob Rad- oder Wandertouren oder Ausfl\u00fcge ins 5-Seenland. Entspannen Sie sich in unserer hochwertigen gro\u00dfen und komfortabel ausgestatteten Ferienwohnung &#8222;Monika&#8220; in unserem ruhigen und erholsamen Ort Eching am Ammersee! Entweder nach einem erlebnisreichen Tag in der Region mit Ihrer Familie und Freunden, oder nach einem anstrengenden Arbeitstag, wenn Sie in der N\u00e4he arbeiten. Schauen Sie sich auf unserer Seite ein wenig um und erfahren Sie mehr \u00fcber unsere gro\u00dfe und ger\u00e4umig geschnittene Wohnung. Informieren Sie sich auch \u00fcber die Umgebung, Ausflugsziele und vieles andere mehr.<\/p>\n<p><img loading=\"lazy\" decoding=\"async\" class=\"aligncenter size-large wp-image-42\" src=\"http:\/\/ammerseeurlaub.com\/wp-content\/uploads\/2017\/11\/Biergarten-Stegen_DSCF3702-1024x683.jpg\" alt=\"\" width=\"525\" height=\"350\" srcset=\"https:\/\/ammerseeurlaub.com\/wp-content\/uploads\/2017\/11\/Biergarten-Stegen_DSCF3702-1024x683.jpg 1024w, https:\/\/ammerseeurlaub.com\/wp-content\/uploads\/2017\/11\/Biergarten-Stegen_DSCF3702-300x200.jpg 300w, https:\/\/ammerseeurlaub.com\/wp-content\/uploads\/2017\/11\/Biergarten-Stegen_DSCF3702-768x512.jpg 768w\" sizes=\"auto, (max-width: 525px) 100vw, 525px\" \/><\/p>\n<p>Wenn Sie Fragen haben, stehen wir Ihnen gerne jederzeit zur Verf\u00fcgung unter Telefon 08143\/7722 oder per E-Mail unter <a href=\"mailto:ferienwohnung.teubner@t-online.de\">ferienwohnung.teubner@t-online.de<\/a>.<\/p>\n","protected":false},"excerpt":{"rendered":"<p>Ihre pers\u00f6nliche individuell gro\u00dfe 4 **** Ferienwohnung &#8222;Monika&#8220; mit\u00a0 2 Schlafzimmern f\u00fcr maximal 6-7 Personen am Ammersee! Alles schnell erreichbar &#8211; nur 250 m Luftlinie vom Ammersee entfernt!\u00a0 Viel Platz zum Wohlf\u00fchlen auf 90m\u00b2 mit 4-Sterne Komfort und garantiertem Erholungsfaktor! Zentral zwischen den Metropolen Augsburg und M\u00fcnchen gelegen. Eching am Ammersee ist ein beliebter Ort &hellip; <\/p>\n<p class=\"link-more\"><a href=\"https:\/\/ammerseeurlaub.com\/\" class=\"more-link\"><span class=\"screen-reader-text\">\u201eHerzlich willkommen am sch\u00f6nen Ammersee!\u201c <\/span>weiterlesen<\/a><\/p>\n","protected":false},"author":1,"featured_media":0,"parent":0,"menu_order":0,"comment_status":"closed","ping_status":"open","template":"","meta":{"footnotes":""},"class_list":["post-2","page","type-page","status-publish","hentry"],"_links":{"self":[{"href":"https:\/\/ammerseeurlaub.com\/index.php?rest_route=\/wp\/v2\/pages\/2","targetHints":{"allow":["GET"]}}],"collection":[{"href":"https:\/\/ammerseeurlaub.com\/index.php?rest_route=\/wp\/v2\/pages"}],"about":[{"href":"https:\/\/ammerseeurlaub.com\/index.php?rest_route=\/wp\/v2\/types\/page"}],"author":[{"embeddable":true,"href":"https:\/\/ammerseeurlaub.com\/index.php?rest_route=\/wp\/v2\/users\/1"}],"replies":[{"embeddable":true,"href":"https:\/\/ammerseeurlaub.com\/index.php?rest_route=%2Fwp%2Fv2%2Fcomments&post=2"}],"version-history":[{"count":9,"href":"https:\/\/ammerseeurlaub.com\/index.php?rest_route=\/wp\/v2\/pages\/2\/revisions"}],"predecessor-version":[{"id":173,"href":"https:\/\/ammerseeurlaub.com\/index.php?rest_route=\/wp\/v2\/pages\/2\/revisions\/173"}],"wp:attachment":[{"href":"https:\/\/ammerseeurlaub.com\/index.php?rest_route=%2Fwp%2Fv2%2Fmedia&parent=2"}],"curies":[{"name":"wp","href":"https:\/\/api.w.org\/{rel}","templated":true}]}}